{"id":1959,"date":"2026-02-22T21:27:35","date_gmt":"2026-02-22T21:27:35","guid":{"rendered":"https:\/\/drymaxs.com.br\/?post_type=product&#038;p=1959"},"modified":"2026-02-22T21:41:15","modified_gmt":"2026-02-22T21:41:15","slug":"massa-para-juntas-de-placas-de-drywall-5kls","status":"publish","type":"product","link":"https:\/\/drymaxs.com.br\/?product=massa-para-juntas-de-placas-de-drywall-5kls","title":{"rendered":"Massa para juntas de placas de drywall ( 5kls)"},"content":{"rendered":"<div class=\"otQkpb\" role=\"heading\" aria-level=\"3\" data-animation-nesting=\"\" data-sfc-cp=\"\" data-complete=\"true\" data-processed=\"true\" data-sae=\"\">Caracter\u00edsticas e Aplica\u00e7\u00f5es<button class=\"rBl3me\" tabindex=\"0\" data-amic=\"true\" data-icl-uuid=\"94305f8a-b4ca-4d8d-bea3-412e37bd4580\" aria-label=\"Mostrar links relacionados\" data-wiz-attrbind=\"disabled=zpTztc_q\/C5gNJc;aria-label=zpTztc_q\/bOjMyf;class=zpTztc_q\/UpSNec\" data-ved=\"2ahUKEwitja7qge6SAxX6rZUCHbQ8HqIQye0OegQIAxAA\"><\/button><\/div>\n<div class=\"Y3BBE\" data-sfc-cp=\"\" data-hveid=\"CAQQAA\" data-complete=\"true\" data-processed=\"true\">De acordo com informa\u00e7\u00f5es\u00a0 , o produto se destaca pela praticidade e ader\u00eancia:<span class=\"uJ19be notranslate\" data-wiz-uids=\"zpTztc_v,zpTztc_w\" data-complete=\"true\" data-processed=\"true\"><span class=\"vKEkVd\" data-animation-atomic=\"\" data-wiz-attrbind=\"class=zpTztc_u\/TKHnVd\" data-sae=\"\"><span aria-hidden=\"true\">\u00a0<\/span><button class=\"rBl3me IWyTpf pjvauc\" tabindex=\"0\" data-amic=\"true\" data-icl-uuid=\"82e1877e-3458-4ef6-b6d8-d395a820ac70\" aria-label=\"Mercado Livre (+1) \u2013 Mostrar links relacionados\" data-wiz-attrbind=\"disabled=zpTztc_u\/C5gNJc;aria-label=zpTztc_u\/bOjMyf;class=zpTztc_u\/UpSNec\" data-ved=\"2ahUKEwitja7qge6SAxX6rZUCHbQ8HqIQye0OegQIBBAB\"><\/button><\/span><\/span><\/div>\n<ul class=\"KsbFXc U6u95\" data-complete=\"true\" data-processed=\"true\">\n<li data-hveid=\"CAUQAA\" data-complete=\"true\" data-sae=\"\"><span class=\"T286Pc\" data-sfc-cp=\"\" data-complete=\"true\" aria-owns=\"action-menu-parent-container\"><strong class=\"Yjhzub\" data-complete=\"true\">Finalidade:<\/strong>\u00a0Tratamento de juntas com fita, acabamento de orif\u00edcios de parafusos e reparo de trincas ou fissuras.<\/span><\/li>\n<\/ul>\n","protected":false},"excerpt":{"rendered":"<p>A<\/p>\n<div class=\"Mat90e\" data-animation-atomic=\"\" data-wiz-uids=\"zpTztc_f\" data-complete=\"true\" data-sae=\"\">Juperfix Rejunte<\/div>\n<p>\u00e9 uma\u00a0<mark class=\"HxTRcb\" data-complete=\"true\" data-sae=\"\">massa pronta para uso \u00e0 base de ligantes acr\u00edlicos e carga mineral<\/mark>, desenvolvida especificamente para o\u00a0<strong class=\"Yjhzub\" data-complete=\"true\" data-processed=\"true\">tratamento de juntas<\/strong>\u00a0e acabamento superficial fino em sistemas de drywall (chapas de gesso acartonado)<\/p>\n","protected":false},"featured_media":1965,"comment_status":"open","ping_status":"closed","template":"","meta":{"site-sidebar-layout":"default","site-content-layout":"","ast-site-content-layout":"default","site-content-style":"default","site-sidebar-style":"default","ast-global-header-display":"","ast-banner-title-visibility":"","ast-main-header-display":"","ast-hfb-above-header-display":"","ast-hfb-below-header-display":"","ast-hfb-mobile-header-display":"","site-post-title":"","ast-breadcrumbs-content":"","ast-featured-img":"","footer-sml-layout":"","ast-disable-related-posts":"","theme-transparent-header-meta":"default","adv-header-id-meta":"","stick-header-meta":"","header-above-stick-meta":"","header-main-stick-meta":"","header-below-stick-meta":"","astra-migrate-meta-layouts":"set","ast-page-background-enabled":"default","ast-page-background-meta":{"desktop":{"background-color":"var(--ast-global-color-4)","background-image":"","background-repeat":"repeat","background-position":"center center","background-size":"auto","background-attachment":"scroll","background-type":"","background-media":"","overlay-type":"","overlay-color":"","overlay-opacity":"","overlay-gradient":""},"tablet":{"background-color":"","background-image":"","background-repeat":"repeat","background-position":"center center","background-size":"auto","background-attachment":"scroll","background-type":"","background-media":"","overlay-type":"","overlay-color":"","overlay-opacity":"","overlay-gradient":""},"mobile":{"background-color":"","background-image":"","background-repeat":"repeat","background-position":"center center","background-size":"auto","background-attachment":"scroll","background-type":"","background-media":"","overlay-type":"","overlay-color":"","overlay-opacity":"","overlay-gradient":""}},"ast-content-background-meta":{"desktop":{"background-color":"var(--ast-global-color-5)","background-image":"","background-repeat":"repeat","background-position":"center center","background-size":"auto","background-attachment":"scroll","background-type":"","background-media":"","overlay-type":"","overlay-color":"","overlay-opacity":"","overlay-gradient":""},"tablet":{"background-color":"var(--ast-global-color-5)","background-image":"","background-repeat":"repeat","background-position":"center center","background-size":"auto","background-attachment":"scroll","background-type":"","background-media":"","overlay-type":"","overlay-color":"","overlay-opacity":"","overlay-gradient":""},"mobile":{"background-color":"var(--ast-global-color-5)","background-image":"","background-repeat":"repeat","background-position":"center center","background-size":"auto","background-attachment":"scroll","background-type":"","background-media":"","overlay-type":"","overlay-color":"","overlay-opacity":"","overlay-gradient":""}}},"product_brand":[],"product_cat":[48],"product_tag":[],"class_list":{"0":"post-1959","1":"product","2":"type-product","3":"status-publish","4":"has-post-thumbnail","6":"product_cat-massa","7":"desktop-align-left","8":"tablet-align-left","9":"mobile-align-left","11":"first","12":"instock","13":"sale","14":"shipping-taxable","15":"purchasable","16":"product-type-simple"},"_links":{"self":[{"href":"https:\/\/drymaxs.com.br\/index.php?rest_route=\/wp\/v2\/product\/1959","targetHints":{"allow":["GET"]}}],"collection":[{"href":"https:\/\/drymaxs.com.br\/index.php?rest_route=\/wp\/v2\/product"}],"about":[{"href":"https:\/\/drymaxs.com.br\/index.php?rest_route=\/wp\/v2\/types\/product"}],"replies":[{"embeddable":true,"href":"https:\/\/drymaxs.com.br\/index.php?rest_route=%2Fwp%2Fv2%2Fcomments&post=1959"}],"version-history":[{"count":1,"href":"https:\/\/drymaxs.com.br\/index.php?rest_route=\/wp\/v2\/product\/1959\/revisions"}],"predecessor-version":[{"id":1960,"href":"https:\/\/drymaxs.com.br\/index.php?rest_route=\/wp\/v2\/product\/1959\/revisions\/1960"}],"wp:featuredmedia":[{"embeddable":true,"href":"https:\/\/drymaxs.com.br\/index.php?rest_route=\/wp\/v2\/media\/1965"}],"wp:attachment":[{"href":"https:\/\/drymaxs.com.br\/index.php?rest_route=%2Fwp%2Fv2%2Fmedia&parent=1959"}],"wp:term":[{"taxonomy":"product_brand","embeddable":true,"href":"https:\/\/drymaxs.com.br\/index.php?rest_route=%2Fwp%2Fv2%2Fproduct_brand&post=1959"},{"taxonomy":"product_cat","embeddable":true,"href":"https:\/\/drymaxs.com.br\/index.php?rest_route=%2Fwp%2Fv2%2Fproduct_cat&post=1959"},{"taxonomy":"product_tag","embeddable":true,"href":"https:\/\/drymaxs.com.br\/index.php?rest_route=%2Fwp%2Fv2%2Fproduct_tag&post=1959"}],"curies":[{"name":"wp","href":"https:\/\/api.w.org\/{rel}","templated":true}]}}