{"id":208,"date":"2026-02-17T20:23:53","date_gmt":"2026-02-17T20:23:53","guid":{"rendered":"https:\/\/drymaxs.com.br\/produto\/alocasia-regal-shield\/"},"modified":"2026-02-23T09:00:31","modified_gmt":"2026-02-23T09:00:31","slug":"alocasia-regal-shield","status":"publish","type":"product","link":"https:\/\/drymaxs.com.br\/?product=alocasia-regal-shield","title":{"rendered":"Prego de a\u00e7o 15&#215;15 Gold ( 100) unid."},"content":{"rendered":"\t\t<div data-elementor-type=\"wp-post\" data-elementor-id=\"208\" class=\"elementor elementor-208\">\n\t\t\t\t\t\t<section class=\"elementor-section elementor-top-section elementor-element elementor-element-aebe763 elementor-section-boxed elementor-section-height-default elementor-section-height-default\" data-id=\"aebe763\" data-element_type=\"section\" data-e-type=\"section\">\n\t\t\t\t\t\t<div class=\"elementor-container elementor-column-gap-no\">\n\t\t\t\t\t<div class=\"elementor-column elementor-col-100 elementor-top-column elementor-element elementor-element-81b818f\" data-id=\"81b818f\" data-element_type=\"column\" data-e-type=\"column\">\n\t\t\t<div class=\"elementor-widget-wrap elementor-element-populated\">\n\t\t\t\t\t\t<div class=\"elementor-element elementor-element-806d9b5 elementor-widget elementor-widget-heading\" data-id=\"806d9b5\" data-element_type=\"widget\" data-e-type=\"widget\" data-widget_type=\"heading.default\">\n\t\t\t\t<div class=\"elementor-widget-container\">\n\t\t\t\t\t<h3 class=\"elementor-heading-title elementor-size-default\">Pregos de A\u00e7o. <\/h3>\t\t\t\t<\/div>\n\t\t\t\t<\/div>\n\t\t\t\t<section class=\"elementor-section elementor-inner-section elementor-element elementor-element-26fe0ce elementor-section-boxed elementor-section-height-default elementor-section-height-default\" data-id=\"26fe0ce\" data-element_type=\"section\" data-e-type=\"section\" data-settings=\"{&quot;background_background&quot;:&quot;classic&quot;}\">\n\t\t\t\t\t\t<div class=\"elementor-container elementor-column-gap-default\">\n\t\t\t\t\t<div class=\"elementor-column elementor-col-100 elementor-inner-column elementor-element elementor-element-ce10442\" data-id=\"ce10442\" data-element_type=\"column\" data-e-type=\"column\">\n\t\t\t<div class=\"elementor-widget-wrap elementor-element-populated\">\n\t\t\t\t\t\t<div class=\"elementor-element elementor-element-e575f41 elementor-widget elementor-widget-heading\" data-id=\"e575f41\" data-element_type=\"widget\" data-e-type=\"widget\" data-widget_type=\"heading.default\">\n\t\t\t\t<div class=\"elementor-widget-container\">\n\t\t\t\t\t<h6 class=\"elementor-heading-title elementor-size-default\">Nunc tempus<\/h6>\t\t\t\t<\/div>\n\t\t\t\t<\/div>\n\t\t\t\t<div class=\"elementor-element elementor-element-dbd8a7e elementor-widget elementor-widget-heading\" data-id=\"dbd8a7e\" data-element_type=\"widget\" data-e-type=\"widget\" data-widget_type=\"heading.default\">\n\t\t\t\t<div class=\"elementor-widget-container\">\n\t\t\t\t\t<h3 class=\"elementor-heading-title elementor-size-default\">15x15<\/h3>\t\t\t\t<\/div>\n\t\t\t\t<\/div>\n\t\t\t\t<div class=\"elementor-element elementor-element-2feb742 elementor-widget elementor-widget-heading\" data-id=\"2feb742\" data-element_type=\"widget\" data-e-type=\"widget\" data-widget_type=\"heading.default\">\n\t\t\t\t<div class=\"elementor-widget-container\">\n\t\t\t\t\t<h4 class=\"elementor-heading-title elementor-size-default\">Resistente<\/h4>\t\t\t\t<\/div>\n\t\t\t\t<\/div>\n\t\t\t\t\t<\/div>\n\t\t<\/div>\n\t\t\t\t\t<\/div>\n\t\t<\/section>\n\t\t\t\t<section class=\"elementor-section elementor-inner-section elementor-element elementor-element-105f49c elementor-section-boxed elementor-section-height-default elementor-section-height-default\" data-id=\"105f49c\" data-element_type=\"section\" data-e-type=\"section\">\n\t\t\t\t\t\t<div class=\"elementor-container elementor-column-gap-no\">\n\t\t\t\t\t<div class=\"elementor-column elementor-col-100 elementor-inner-column elementor-element elementor-element-63b71eb\" data-id=\"63b71eb\" data-element_type=\"column\" data-e-type=\"column\">\n\t\t\t<div class=\"elementor-widget-wrap elementor-element-populated\">\n\t\t\t\t\t\t<div class=\"elementor-element elementor-element-1c66f6d elementor-widget elementor-widget-heading\" data-id=\"1c66f6d\" data-element_type=\"widget\" data-e-type=\"widget\" data-widget_type=\"heading.default\">\n\t\t\t\t<div class=\"elementor-widget-container\">\n\t\t\t\t\t<h3 class=\"elementor-heading-title elementor-size-default\">Aplica\u00e7\u00f5es Principais\nDevido \u00e0 sua resist\u00eancia e ponta perfurante, este prego \u00e9 ideal para: \nDrywall e Gesso: Fixa\u00e7\u00e3o de tabicas met\u00e1licas, perfis e sancas em alvenaria ou concreto de baixa resist\u00eancia.<\/h3>\t\t\t\t<\/div>\n\t\t\t\t<\/div>\n\t\t\t\t\t<\/div>\n\t\t<\/div>\n\t\t\t\t\t<\/div>\n\t\t<\/section>\n\t\t\t\t\t<\/div>\n\t\t<\/div>\n\t\t\t\t\t<\/div>\n\t\t<\/section>\n\t\t\t\t<\/div>\n\t\t","protected":false},"excerpt":{"rendered":"<div class=\"ilZyRc R7mRQb\" data-wiz-uids=\"V0QA7_2o,V0QA7_2p,V0QA7_2q\">\n<div aria-hidden=\"false\" data-animation-skip=\"\" data-ved=\"2ahUKEwjIrcTene-SAxU0qpUCHWrtPGcQ_sYPegYIAQgAEBU\">\n<div class=\"tbIZh wQN2Jd\">\n<div class=\"sUKAcb\"><span class=\"VndcI veK2kb\" role=\"heading\" aria-level=\"2\" data-wiz-attrbind=\"class=V0QA7_2n\/tPhIrf\">Prego de a\u00e7o 15&#215;15 para drywall gold.<\/span><\/div>\n<div><strong class=\"Yjhzub\" data-complete=\"true\">prego de a\u00e7o 15&#215;15 Gold<\/strong>\u00a0<mark class=\"HxTRcb\" data-sae=\"\" data-complete=\"true\">\u00e9 um fixador amplamente utilizado em sistemas de drywall, gesso e marcenaria de acabamento<\/mark>. Ele se destaca pelo acabamento\u00a0<strong class=\"Yjhzub\" data-complete=\"true\">bicromatizado<\/strong> (tonalidade dourada), que oferece uma camada extra de prote\u00e7\u00e3o contra corros\u00e3o em compara\u00e7\u00e3o aos pregos polidos comuns.<\/div>\n<\/div>\n<div class=\"UYpEO\"><\/div>\n<div class=\"dcCF7d\"><\/div>\n<\/div>\n<\/div>\n<div data-ved=\"2ahUKEwjIrcTene-SAxU0qpUCHWrtPGcQ3PkPegYIAQgAEBY\"><\/div>\n<div id=\"aim-chrome-initial-inline-async-container\" class=\"\" data-ved=\"2ahUKEwjIrcTene-SAxU0qpUCHWrtPGcQ_ZkOegYIAQgAEBc\" data-hveid=\"CAEIABAX\">\n<div data-processed=\"true\">\n<div data-container-id=\"xBScae7_KZXI1sQPoenDMQ\">\n<div data-processed=\"true\"><\/div>\n<div data-processed=\"true\"><\/div>\n<div data-processed=\"true\"><\/div>\n<div data-processed=\"true\"><\/div>\n<div data-processed=\"true\"><\/div>\n<div data-processed=\"true\"><\/div>\n<\/div>\n<div><\/div>\n<div>\n<div class=\"CKgc1d\" data-scope-id=\"turn\" data-complete=\"true\">\n<div class=\"Zkbeff\" data-subtree=\"aimc\" data-wiz-uids=\"tZhZx_2\" data-ved=\"2ahUKEwiCiMfene-SAxVEr5UCHQawCIAQ2O0OegQIABAA\" data-hveid=\"CAAQAA\" data-complete=\"true\">\n<div class=\"pWvJNd\" data-complete=\"true\">\n<div>\n<div data-container-id=\"4\"><\/div>\n<\/div>\n<div class=\"mZJni Dn7Fzd\" dir=\"ltr\" data-container-id=\"main-col\" data-xid=\"VpUvz\" data-ved=\"2ahUKEwiCiMfene-SAxVEr5UCHQawCIAQ3KYQegQIABAB\">\n<div data-container-id=\"5\">\n<div class=\"Y3BBE\" data-sfc-cp=\"\" data-hveid=\"CAIQAA\" data-processed=\"true\" data-complete=\"true\" aria-owns=\"action-menu-parent-container\">\n<div data-subtree=\"aimfl\" data-complete=\"true\"><\/div>\n<\/div>\n<\/div>\n<\/div>\n<\/div>\n<\/div>\n<\/div>\n<\/div>\n<\/div>\n<\/div>\n","protected":false},"featured_media":1987,"comment_status":"open","ping_status":"closed","template":"","meta":{"site-sidebar-layout":"default","site-content-layout":"content-boxed-container","ast-site-content-layout":"normal-width-container","site-content-style":"boxed","site-sidebar-style":"unboxed","ast-global-header-display":"","ast-banner-title-visibility":"","ast-main-header-display":"","ast-hfb-above-header-display":"","ast-hfb-below-header-display":"","ast-hfb-mobile-header-display":"","site-post-title":"","ast-breadcrumbs-content":"","ast-featured-img":"","footer-sml-layout":"","ast-disable-related-posts":"","theme-transparent-header-meta":"default","adv-header-id-meta":"","stick-header-meta":"","header-above-stick-meta":"","header-main-stick-meta":"","header-below-stick-meta":"","astra-migrate-meta-layouts":"set","ast-page-background-enabled":"default","ast-page-background-meta":{"desktop":{"background-color":"var(--ast-global-color-4)","background-image":"","background-repeat":"repeat","background-position":"center center","background-size":"auto","background-attachment":"scroll","background-type":"","background-media":"","overlay-type":"","overlay-color":"","overlay-opacity":"","overlay-gradient":""},"tablet":{"background-color":"","background-image":"","background-repeat":"repeat","background-position":"center center","background-size":"auto","background-attachment":"scroll","background-type":"","background-media":"","overlay-type":"","overlay-color":"","overlay-opacity":"","overlay-gradient":""},"mobile":{"background-color":"","background-image":"","background-repeat":"repeat","background-position":"center center","background-size":"auto","background-attachment":"scroll","background-type":"","background-media":"","overlay-type":"","overlay-color":"","overlay-opacity":"","overlay-gradient":""}},"ast-content-background-meta":{"desktop":{"background-color":"var(--ast-global-color-5)","background-image":"","background-repeat":"repeat","background-position":"center center","background-size":"auto","background-attachment":"scroll","background-type":"","background-media":"","overlay-type":"","overlay-color":"","overlay-opacity":"","overlay-gradient":""},"tablet":{"background-color":"var(--ast-global-color-5)","background-image":"","background-repeat":"repeat","background-position":"center center","background-size":"auto","background-attachment":"scroll","background-type":"","background-media":"","overlay-type":"","overlay-color":"","overlay-opacity":"","overlay-gradient":""},"mobile":{"background-color":"var(--ast-global-color-5)","background-image":"","background-repeat":"repeat","background-position":"center center","background-size":"auto","background-attachment":"scroll","background-type":"","background-media":"","overlay-type":"","overlay-color":"","overlay-opacity":"","overlay-gradient":""}}},"product_brand":[],"product_cat":[42],"product_tag":[],"class_list":{"0":"post-208","1":"product","2":"type-product","3":"status-publish","4":"has-post-thumbnail","6":"product_cat-ferramentas","7":"desktop-align-left","8":"tablet-align-left","9":"mobile-align-left","11":"first","12":"instock","13":"sale","14":"shipping-taxable","15":"purchasable","16":"product-type-simple"},"_links":{"self":[{"href":"https:\/\/drymaxs.com.br\/index.php?rest_route=\/wp\/v2\/product\/208","targetHints":{"allow":["GET"]}}],"collection":[{"href":"https:\/\/drymaxs.com.br\/index.php?rest_route=\/wp\/v2\/product"}],"about":[{"href":"https:\/\/drymaxs.com.br\/index.php?rest_route=\/wp\/v2\/types\/product"}],"replies":[{"embeddable":true,"href":"https:\/\/drymaxs.com.br\/index.php?rest_route=%2Fwp%2Fv2%2Fcomments&post=208"}],"version-history":[{"count":6,"href":"https:\/\/drymaxs.com.br\/index.php?rest_route=\/wp\/v2\/product\/208\/revisions"}],"predecessor-version":[{"id":1994,"href":"https:\/\/drymaxs.com.br\/index.php?rest_route=\/wp\/v2\/product\/208\/revisions\/1994"}],"wp:featuredmedia":[{"embeddable":true,"href":"https:\/\/drymaxs.com.br\/index.php?rest_route=\/wp\/v2\/media\/1987"}],"wp:attachment":[{"href":"https:\/\/drymaxs.com.br\/index.php?rest_route=%2Fwp%2Fv2%2Fmedia&parent=208"}],"wp:term":[{"taxonomy":"product_brand","embeddable":true,"href":"https:\/\/drymaxs.com.br\/index.php?rest_route=%2Fwp%2Fv2%2Fproduct_brand&post=208"},{"taxonomy":"product_cat","embeddable":true,"href":"https:\/\/drymaxs.com.br\/index.php?rest_route=%2Fwp%2Fv2%2Fproduct_cat&post=208"},{"taxonomy":"product_tag","embeddable":true,"href":"https:\/\/drymaxs.com.br\/index.php?rest_route=%2Fwp%2Fv2%2Fproduct_tag&post=208"}],"curies":[{"name":"wp","href":"https:\/\/api.w.org\/{rel}","templated":true}]}}