{"id":220,"date":"2026-02-17T20:23:53","date_gmt":"2026-02-17T20:23:53","guid":{"rendered":"https:\/\/drymaxs.com.br\/produto\/golden-pothos-pole\/"},"modified":"2026-03-06T16:15:38","modified_gmt":"2026-03-06T16:15:38","slug":"golden-pothos-pole","status":"publish","type":"product","link":"https:\/\/drymaxs.com.br\/?product=golden-pothos-pole","title":{"rendered":"GESSO AMERICA 40KLS"},"content":{"rendered":"<div class=\"otQkpb\" role=\"heading\" aria-level=\"3\" data-animation-nesting=\"\" data-sfc-cp=\"\" data-sfc-cb=\"\" data-complete=\"true\" data-processed=\"true\" data-sae=\"\">Informa\u00e7\u00f5es T\u00e9cnicas e Rendimento<button class=\"rBl3me\" tabindex=\"0\" data-amic=\"true\" data-icl-uuid=\"dd410f3a-408b-4a3b-a72f-059a6f483cde\" aria-label=\"Mostrar links relacionados\" data-wiz-attrbind=\"disabled=LiH6fc_22\/C5gNJc;aria-label=LiH6fc_22\/bOjMyf;class=LiH6fc_22\/UpSNec\" data-ved=\"2ahUKEwiFjYOk1IuTAxVJpJUCHRM3O3AQye0OegQIBhAA\" data-hveid=\"CAYQAA\"><\/button><\/div>\n<ul class=\"KsbFXc U6u95\" data-sfc-cb=\"\" data-complete=\"true\" data-processed=\"true\">\n<li class=\"dF3vjf\" data-sfc-cb=\"\" data-hveid=\"CAcQAA\" data-complete=\"true\" data-sae=\"\"><span class=\"T286Pc\" data-sfc-cp=\"\" data-sfc-cb=\"\" data-complete=\"true\"><strong class=\"Yjhzub\" data-sfc-cb=\"\" data-complete=\"true\">Aplica\u00e7\u00f5es:<\/strong>\u00a0Indicado para revestimento de paredes de alvenaria, produ\u00e7\u00e3o de sancas, tetos e reparos em geral.<\/span><\/li>\n<li class=\"dF3vjf\" data-sfc-cb=\"\" data-hveid=\"CAcQAQ\" data-complete=\"true\" data-sae=\"\"><span class=\"T286Pc\" data-sfc-cp=\"\" data-sfc-cb=\"\" data-complete=\"true\"><strong class=\"Yjhzub\" data-sfc-cb=\"\" data-complete=\"true\">Rendimento:<\/strong>\u00a0De acordo com a Obramax, um saco de 40 kg de gesso em p\u00f3 rende em m\u00e9dia de\u00a0<strong class=\"Yjhzub\" data-sfc-cb=\"\" data-complete=\"true\">2 a 4 m\u00b2<\/strong>, dependendo da espessura da camada aplicada e do tipo de superf\u00edcie.<\/span><\/li>\n<li class=\"dF3vjf\" data-sfc-cb=\"\" data-hveid=\"CAcQAg\" data-complete=\"true\" data-sae=\"\"><span class=\"T286Pc\" data-sfc-cp=\"\" data-sfc-cb=\"\" data-complete=\"true\" aria-owns=\"action-menu-parent-container\"><strong class=\"Yjhzub\" data-sfc-cb=\"\" data-complete=\"true\">Tempo de Secagem:<\/strong>\u00a0O tempo de cura pode variar entre\u00a0<strong class=\"Yjhzub\" data-sfc-cb=\"\" data-complete=\"true\">10 e 45 minutos<\/strong>, condicionado \u00e0 temperatura ambiente e \u00e0 propor\u00e7\u00e3o de \u00e1gua utilizada na mistura<\/span><\/li>\n<\/ul>\n","protected":false},"excerpt":{"rendered":"<p>O <strong class=\"Yjhzub\" data-sfc-cb=\"\" data-complete=\"true\" data-processed=\"true\">saco de gesso de 40 kg da marca SM<\/strong>\u00a0<mark class=\"HxTRcb\" data-sfc-cb=\"\" data-complete=\"true\" data-sae=\"\" aria-owns=\"action-menu-parent-container\">\u00e9 um produto amplamente utilizado na constru\u00e7\u00e3o civil para revestimentos internos (reboco), fabrica\u00e7\u00e3o de pe\u00e7as de decora\u00e7\u00e3o e fundi\u00e7\u00e3o de molduras<\/mark><\/p>\n","protected":false},"featured_media":2021,"comment_status":"open","ping_status":"closed","template":"","meta":{"site-sidebar-layout":"default","site-content-layout":"content-boxed-container","ast-site-content-layout":"normal-width-container","site-content-style":"boxed","site-sidebar-style":"unboxed","ast-global-header-display":"","ast-banner-title-visibility":"","ast-main-header-display":"","ast-hfb-above-header-display":"","ast-hfb-below-header-display":"","ast-hfb-mobile-header-display":"","site-post-title":"","ast-breadcrumbs-content":"","ast-featured-img":"","footer-sml-layout":"","ast-disable-related-posts":"","theme-transparent-header-meta":"default","adv-header-id-meta":"","stick-header-meta":"","header-above-stick-meta":"","header-main-stick-meta":"","header-below-stick-meta":"","astra-migrate-meta-layouts":"set","ast-page-background-enabled":"default","ast-page-background-meta":{"desktop":{"background-color":"var(--ast-global-color-4)","background-image":"","background-repeat":"repeat","background-position":"center center","background-size":"auto","background-attachment":"scroll","background-type":"","background-media":"","overlay-type":"","overlay-color":"","overlay-opacity":"","overlay-gradient":""},"tablet":{"background-color":"","background-image":"","background-repeat":"repeat","background-position":"center center","background-size":"auto","background-attachment":"scroll","background-type":"","background-media":"","overlay-type":"","overlay-color":"","overlay-opacity":"","overlay-gradient":""},"mobile":{"background-color":"","background-image":"","background-repeat":"repeat","background-position":"center center","background-size":"auto","background-attachment":"scroll","background-type":"","background-media":"","overlay-type":"","overlay-color":"","overlay-opacity":"","overlay-gradient":""}},"ast-content-background-meta":{"desktop":{"background-color":"var(--ast-global-color-5)","background-image":"","background-repeat":"repeat","background-position":"center center","background-size":"auto","background-attachment":"scroll","background-type":"","background-media":"","overlay-type":"","overlay-color":"","overlay-opacity":"","overlay-gradient":""},"tablet":{"background-color":"var(--ast-global-color-5)","background-image":"","background-repeat":"repeat","background-position":"center center","background-size":"auto","background-attachment":"scroll","background-type":"","background-media":"","overlay-type":"","overlay-color":"","overlay-opacity":"","overlay-gradient":""},"mobile":{"background-color":"var(--ast-global-color-5)","background-image":"","background-repeat":"repeat","background-position":"center center","background-size":"auto","background-attachment":"scroll","background-type":"","background-media":"","overlay-type":"","overlay-color":"","overlay-opacity":"","overlay-gradient":""}}},"product_brand":[],"product_cat":[46],"product_tag":[],"class_list":{"0":"post-220","1":"product","2":"type-product","3":"status-publish","4":"has-post-thumbnail","6":"product_cat-gessos","7":"desktop-align-left","8":"tablet-align-left","9":"mobile-align-left","11":"first","12":"instock","13":"sale","14":"shipping-taxable","15":"purchasable","16":"product-type-simple"},"_links":{"self":[{"href":"https:\/\/drymaxs.com.br\/index.php?rest_route=\/wp\/v2\/product\/220","targetHints":{"allow":["GET"]}}],"collection":[{"href":"https:\/\/drymaxs.com.br\/index.php?rest_route=\/wp\/v2\/product"}],"about":[{"href":"https:\/\/drymaxs.com.br\/index.php?rest_route=\/wp\/v2\/types\/product"}],"replies":[{"embeddable":true,"href":"https:\/\/drymaxs.com.br\/index.php?rest_route=%2Fwp%2Fv2%2Fcomments&post=220"}],"version-history":[{"count":3,"href":"https:\/\/drymaxs.com.br\/index.php?rest_route=\/wp\/v2\/product\/220\/revisions"}],"predecessor-version":[{"id":2022,"href":"https:\/\/drymaxs.com.br\/index.php?rest_route=\/wp\/v2\/product\/220\/revisions\/2022"}],"wp:featuredmedia":[{"embeddable":true,"href":"https:\/\/drymaxs.com.br\/index.php?rest_route=\/wp\/v2\/media\/2021"}],"wp:attachment":[{"href":"https:\/\/drymaxs.com.br\/index.php?rest_route=%2Fwp%2Fv2%2Fmedia&parent=220"}],"wp:term":[{"taxonomy":"product_brand","embeddable":true,"href":"https:\/\/drymaxs.com.br\/index.php?rest_route=%2Fwp%2Fv2%2Fproduct_brand&post=220"},{"taxonomy":"product_cat","embeddable":true,"href":"https:\/\/drymaxs.com.br\/index.php?rest_route=%2Fwp%2Fv2%2Fproduct_cat&post=220"},{"taxonomy":"product_tag","embeddable":true,"href":"https:\/\/drymaxs.com.br\/index.php?rest_route=%2Fwp%2Fv2%2Fproduct_tag&post=220"}],"curies":[{"name":"wp","href":"https:\/\/api.w.org\/{rel}","templated":true}]}}