{"id":232,"date":"2026-02-17T20:23:53","date_gmt":"2026-02-17T20:23:53","guid":{"rendered":"https:\/\/drymaxs.com.br\/produto\/aralia-ming\/"},"modified":"2026-03-06T21:09:12","modified_gmt":"2026-03-06T21:09:12","slug":"aralia-ming","status":"publish","type":"product","link":"https:\/\/drymaxs.com.br\/?product=aralia-ming","title":{"rendered":"Cantoneira Perfurada"},"content":{"rendered":"","protected":false},"excerpt":{"rendered":"<p>A\u00a0<strong class=\"Yjhzub\" data-sfc-cb=\"\" data-complete=\"true\" data-processed=\"true\">cantoneira de gesso perfurada<\/strong>\u00a0<mark class=\"HxTRcb\" data-sfc-cb=\"\" data-complete=\"true\" data-sae=\"\" aria-owns=\"action-menu-parent-container\">\u00e9 um perfil met\u00e1lico em formato de &#8220;L&#8221;, fabricado em a\u00e7o galvanizado, utilizado para estruturar, proteger e alinhar as quinas vivas em sistemas de drywall e gesso acartonado<\/mark><\/p>\n<div class=\"otQkpb\" role=\"heading\" aria-level=\"3\" data-animation-nesting=\"\" data-sfc-cp=\"\" data-sfc-cb=\"\" data-complete=\"true\" data-processed=\"true\" data-sae=\"\">Utilidade e Aplica\u00e7\u00e3o<button class=\"rBl3me\" tabindex=\"0\" data-amic=\"true\" data-icl-uuid=\"c34df4d4-53cb-4208-8303-56732efef6a7\" aria-label=\"Mostrar links relacionados\" data-wiz-attrbind=\"disabled=luqUhc_m\/C5gNJc;aria-label=luqUhc_m\/bOjMyf;class=luqUhc_m\/UpSNec\" data-ved=\"2ahUKEwim8dv0loyTAxWEB7kGHZ4gGFQQye0OegQIAxAA\" data-hveid=\"CAMQAA\"><\/button><\/div>\n<ul class=\"KsbFXc U6u95\" data-sfc-cb=\"\" data-complete=\"true\" data-processed=\"true\">\n<li class=\"dF3vjf\" data-sfc-cb=\"\" data-hveid=\"CAQQAA\" data-complete=\"true\" data-sae=\"\"><span class=\"T286Pc\" data-sfc-cp=\"\" data-sfc-cb=\"\" data-complete=\"true\"><strong class=\"Yjhzub\" data-sfc-cb=\"\" data-complete=\"true\">Prote\u00e7\u00e3o de Quinas<\/strong>: Sua fun\u00e7\u00e3o principal \u00e9 evitar que as bordas das paredes de gesso quebrem ou sofram danos por impactos acidentais.<\/span><\/li>\n<li class=\"dF3vjf\" data-sfc-cb=\"\" data-hveid=\"CAQQAQ\" data-complete=\"true\" data-sae=\"\"><span class=\"T286Pc\" data-sfc-cp=\"\" data-sfc-cb=\"\" data-complete=\"true\"><strong class=\"Yjhzub\" data-sfc-cb=\"\" data-complete=\"true\">Acabamento Est\u00e9tico<\/strong>: Proporciona um acabamento reto e perfeitamente alinhado, facilitando a aplica\u00e7\u00e3o de massa para esconder as emendas.<\/span><\/li>\n<li class=\"dF3vjf\" data-sfc-cb=\"\" data-hveid=\"CAQQAg\" data-complete=\"true\" data-sae=\"\"><span class=\"T286Pc\" data-sfc-cp=\"\" data-sfc-cb=\"\" data-complete=\"true\" aria-owns=\"action-menu-parent-container\"><strong class=\"Yjhzub\" data-sfc-cb=\"\" data-complete=\"true\">Fixa\u00e7\u00e3o<\/strong>: As perfura\u00e7\u00f5es ao longo do perfil permitem que ele seja fixado com parafusos (geralmente o modelo GN25) ou diretamente com a massa de acabamento, garantindo ader\u00eancia total ao revestimento<\/span><\/li>\n<\/ul>\n","protected":false},"featured_media":2090,"comment_status":"open","ping_status":"closed","template":"","meta":{"site-sidebar-layout":"default","site-content-layout":"content-boxed-container","ast-site-content-layout":"normal-width-container","site-content-style":"boxed","site-sidebar-style":"unboxed","ast-global-header-display":"","ast-banner-title-visibility":"","ast-main-header-display":"","ast-hfb-above-header-display":"","ast-hfb-below-header-display":"","ast-hfb-mobile-header-display":"","site-post-title":"","ast-breadcrumbs-content":"","ast-featured-img":"","footer-sml-layout":"","ast-disable-related-posts":"","theme-transparent-header-meta":"default","adv-header-id-meta":"","stick-header-meta":"","header-above-stick-meta":"","header-main-stick-meta":"","header-below-stick-meta":"","astra-migrate-meta-layouts":"set","ast-page-background-enabled":"default","ast-page-background-meta":{"desktop":{"background-color":"var(--ast-global-color-4)","background-image":"","background-repeat":"repeat","background-position":"center center","background-size":"auto","background-attachment":"scroll","background-type":"","background-media":"","overlay-type":"","overlay-color":"","overlay-opacity":"","overlay-gradient":""},"tablet":{"background-color":"","background-image":"","background-repeat":"repeat","background-position":"center center","background-size":"auto","background-attachment":"scroll","background-type":"","background-media":"","overlay-type":"","overlay-color":"","overlay-opacity":"","overlay-gradient":""},"mobile":{"background-color":"","background-image":"","background-repeat":"repeat","background-position":"center center","background-size":"auto","background-attachment":"scroll","background-type":"","background-media":"","overlay-type":"","overlay-color":"","overlay-opacity":"","overlay-gradient":""}},"ast-content-background-meta":{"desktop":{"background-color":"var(--ast-global-color-5)","background-image":"","background-repeat":"repeat","background-position":"center center","background-size":"auto","background-attachment":"scroll","background-type":"","background-media":"","overlay-type":"","overlay-color":"","overlay-opacity":"","overlay-gradient":""},"tablet":{"background-color":"var(--ast-global-color-5)","background-image":"","background-repeat":"repeat","background-position":"center center","background-size":"auto","background-attachment":"scroll","background-type":"","background-media":"","overlay-type":"","overlay-color":"","overlay-opacity":"","overlay-gradient":""},"mobile":{"background-color":"var(--ast-global-color-5)","background-image":"","background-repeat":"repeat","background-position":"center center","background-size":"auto","background-attachment":"scroll","background-type":"","background-media":"","overlay-type":"","overlay-color":"","overlay-opacity":"","overlay-gradient":""}}},"product_brand":[],"product_cat":[16,38],"product_tag":[],"class_list":{"0":"post-232","1":"product","2":"type-product","3":"status-publish","4":"has-post-thumbnail","6":"product_cat-sem-categoria","7":"product_cat-ferragens","8":"desktop-align-left","9":"tablet-align-left","10":"mobile-align-left","12":"first","13":"instock","14":"sale","15":"shipping-taxable","16":"purchasable","17":"product-type-simple"},"_links":{"self":[{"href":"https:\/\/drymaxs.com.br\/index.php?rest_route=\/wp\/v2\/product\/232","targetHints":{"allow":["GET"]}}],"collection":[{"href":"https:\/\/drymaxs.com.br\/index.php?rest_route=\/wp\/v2\/product"}],"about":[{"href":"https:\/\/drymaxs.com.br\/index.php?rest_route=\/wp\/v2\/types\/product"}],"replies":[{"embeddable":true,"href":"https:\/\/drymaxs.com.br\/index.php?rest_route=%2Fwp%2Fv2%2Fcomments&post=232"}],"version-history":[{"count":6,"href":"https:\/\/drymaxs.com.br\/index.php?rest_route=\/wp\/v2\/product\/232\/revisions"}],"predecessor-version":[{"id":2095,"href":"https:\/\/drymaxs.com.br\/index.php?rest_route=\/wp\/v2\/product\/232\/revisions\/2095"}],"wp:featuredmedia":[{"embeddable":true,"href":"https:\/\/drymaxs.com.br\/index.php?rest_route=\/wp\/v2\/media\/2090"}],"wp:attachment":[{"href":"https:\/\/drymaxs.com.br\/index.php?rest_route=%2Fwp%2Fv2%2Fmedia&parent=232"}],"wp:term":[{"taxonomy":"product_brand","embeddable":true,"href":"https:\/\/drymaxs.com.br\/index.php?rest_route=%2Fwp%2Fv2%2Fproduct_brand&post=232"},{"taxonomy":"product_cat","embeddable":true,"href":"https:\/\/drymaxs.com.br\/index.php?rest_route=%2Fwp%2Fv2%2Fproduct_cat&post=232"},{"taxonomy":"product_tag","embeddable":true,"href":"https:\/\/drymaxs.com.br\/index.php?rest_route=%2Fwp%2Fv2%2Fproduct_tag&post=232"}],"curies":[{"name":"wp","href":"https:\/\/api.w.org\/{rel}","templated":true}]}}